{"id":1182,"date":"2020-10-16T20:04:46","date_gmt":"2020-10-16T18:04:46","guid":{"rendered":"https:\/\/formationetincelles.uqam.ca\/accueil\/"},"modified":"2021-08-18T15:53:15","modified_gmt":"2021-08-18T19:53:15","slug":"accueil","status":"publish","type":"page","link":"https:\/\/formationetincelles.uqam.ca\/en\/","title":{"rendered":"Home"},"content":{"rendered":"\n<div class=\"wp-block-columns is-layout-flex wp-container-core-columns-is-layout-28f84493 wp-block-columns-is-layout-flex\">\n<div class=\"wp-block-column is-layout-flow wp-block-column-is-layout-flow\" style=\"flex-basis:100%\">\n<div class=\"wp-block-group is-layout-flow wp-block-group-is-layout-flow\"><div class=\"wp-block-group__inner-container\"><div id=\"pl-gb1182-69e399882f8df\"  class=\"panel-layout\" ><div id=\"pg-gb1182-69e399882f8df-0\"  class=\"panel-grid panel-has-style\" ><div class=\"siteorigin-panels-stretch panel-row-style panel-row-style-for-gb1182-69e399882f8df-0\" id=\"formations_container\" data-stretch-type=\"full-width-stretch\" ><div id=\"pgc-gb1182-69e399882f8df-0-0\"  class=\"panel-grid-cell\" ><div id=\"panel-gb1182-69e399882f8df-0-0-0\" class=\"so-panel widget widget_sow-editor panel-first-child\" data-index=\"0\" ><div class=\"text-sm-center titre_separator text-white panel-widget-style panel-widget-style-for-gb1182-69e399882f8df-0-0-0\" ><div\n\t\t\t\n\t\t\tclass=\"so-widget-sow-editor so-widget-sow-editor-base\"\n\t\t\t\n\t\t>\n<div class=\"siteorigin-widget-tinymce textwidget\">\n\t<h1>Welcome to the<br \/>\n<em>ONLINE TRAINING FOR THE<\/em><br \/>\n<em>SCHOOL STAFF COMPONENT<\/em><br \/>\n<em>OF THE SPARX PROGRAM!<\/em><\/h1>\n<hr \/>\n<p>This training is designed to offer members of the school staff tools to discuss positive romantic and intimate relationships and teen dating violence.<\/p>\n<\/div>\n<\/div><\/div><\/div><div id=\"panel-gb1182-69e399882f8df-0-0-1\" class=\"so-panel widget widget_sow-editor panel-last-child\" data-index=\"1\" ><div id=\"formation_container\" class=\"panel-widget-style panel-widget-style-for-gb1182-69e399882f8df-0-0-1\" ><div\n\t\t\t\n\t\t\tclass=\"so-widget-sow-editor so-widget-sow-editor-base\"\n\t\t\t\n\t\t>\n<div class=\"siteorigin-widget-tinymce textwidget\">\n\t<p><span class=\"text_grand\">MANDATORY TRAINING<\/span><\/p>\n<h2><a href=\"\/en\/courses\/online-training-for-school-staff\/\">Basic training module<\/a><\/h2>\n<p><span class=\"text_grand\">Duration: about 90 minutes<\/span><\/p>\n<hr \/>\n<p><span class=\"styleH3\">Objectives<\/span><\/p>\n<ul>\n<li>To develop knowledge regarding positive romantic and intimate relationships and teen dating violence.<\/li>\n<li>To offer tools to answer teenagers\u2019 questions and strategies as to how to respond when a teenager confides in you.<\/li>\n<\/ul>\n<p>Once you have finished the basic training module, you will receive a certificate of completion.<\/p>\n<\/div>\n<\/div><\/div><\/div><\/div><div id=\"pgc-gb1182-69e399882f8df-0-1\"  class=\"panel-grid-cell panel-grid-cell-empty\" ><\/div><div id=\"pgc-gb1182-69e399882f8df-0-2\"  class=\"panel-grid-cell\" ><div id=\"panel-gb1182-69e399882f8df-0-2-0\" class=\"so-panel widget widget_sow-editor panel-first-child\" data-index=\"2\" ><div class=\"margB_0 panel-widget-style panel-widget-style-for-gb1182-69e399882f8df-0-2-0\" ><div\n\t\t\t\n\t\t\tclass=\"so-widget-sow-editor so-widget-sow-editor-base\"\n\t\t\t\n\t\t>\n<div class=\"siteorigin-widget-tinymce textwidget\">\n\t<p><img decoding=\"async\" class=\"aligncenter wp-image-882\" src=\"https:\/\/formationetincelles.uqam.ca\/wp-content\/uploads\/2021\/04\/etincelles-fille-1.svg\" alt=\"\" width=\"682\" \/><\/p>\n<\/div>\n<\/div><\/div><\/div><div id=\"panel-gb1182-69e399882f8df-0-2-1\" class=\"so-panel widget widget_sow-editor panel-last-child\" data-index=\"3\" ><div id=\"miniformation_container\" class=\"panel-widget-style panel-widget-style-for-gb1182-69e399882f8df-0-2-1\" ><div\n\t\t\t\n\t\t\tclass=\"so-widget-sow-editor so-widget-sow-editor-base\"\n\t\t\t\n\t\t>\n<div class=\"siteorigin-widget-tinymce textwidget\">\n\t<p><span class=\"text_grand\">MINI-FORMATIONS INDIVIDUELLES<\/span><br \/>\n<span class=\"text_grand\">(AU CHOIX) ET OPTIONNELLES<\/span><\/p>\n<p><strong>*\u00c0 venir prochainement!<\/strong><\/p>\n<h2>Mini-formations<br \/>\ncompl\u00e9mentaires<\/h2>\n<p><span class=\"text_grand\"><i class=\"far fa-clock\"><\/i> 10-15 minutes chacune<\/span><\/p>\n<hr \/>\n<p><span class=\"styleH3\">Buts<\/span><\/p>\n<p>Vous sensibiliser \u00e0 diff\u00e9rentes th\u00e9matiques li\u00e9es aux relations amoureuses et intimes positives des jeunes, et \u00e0 la violence dans les relations amoureuses (VRA).<\/p>\n<p>Th\u00e8mes par mini-formation<\/p>\n<ol>\n<li>Les caract\u00e9ristiques des parcours amoureux et sexuels des jeunes<\/li>\n<li>Le consentement sexuel<\/li>\n<li>La diversit\u00e9 des parcours de recherche d\u2019aide des jeunes vivant de la violence dans les relations amoureuses (VRA)<\/li>\n<li>Que faire si vous \u00eates t\u00e9moin d\u2019un comportement de violence dans les relations amoureuses (VRA) \u00e0 l\u2019\u00e9cole ?<\/li>\n<li>Signalement \u00e0 la DPJ : d\u00e9mythifier et rassurer<\/li>\n<li>Ressources et r\u00e9f\u00e9rences<\/li>\n<\/ol>\n<\/div>\n<\/div><\/div><\/div><\/div><\/div><\/div><div id=\"pg-gb1182-69e399882f8df-1\"  class=\"panel-grid panel-has-style\" ><div class=\"siteorigin-panels-stretch panel-row-style panel-row-style-for-gb1182-69e399882f8df-1\" data-stretch-type=\"full-width-stretch\" ><div id=\"pgc-gb1182-69e399882f8df-1-0\"  class=\"panel-grid-cell\" ><div id=\"panel-gb1182-69e399882f8df-1-0-0\" class=\"so-panel widget widget_sow-editor panel-first-child panel-last-child\" data-index=\"4\" ><div class=\"img_full panel-widget-style panel-widget-style-for-gb1182-69e399882f8df-1-0-0\" ><div\n\t\t\t\n\t\t\tclass=\"so-widget-sow-editor so-widget-sow-editor-base\"\n\t\t\t\n\t\t>\n<div class=\"siteorigin-widget-tinymce textwidget\">\n\t<p><img loading=\"lazy\" decoding=\"async\" class=\"alignnone wp-image-915 size-full\" src=\"https:\/\/formationetincelles.uqam.ca\/wp-content\/uploads\/2021\/04\/ronds-effets.jpg\" alt=\"\" width=\"2000\" height=\"402\" srcset=\"https:\/\/formationetincelles.uqam.ca\/wp-content\/uploads\/2021\/04\/ronds-effets.jpg 2000w, https:\/\/formationetincelles.uqam.ca\/wp-content\/uploads\/2021\/04\/ronds-effets-300x60.jpg 300w, https:\/\/formationetincelles.uqam.ca\/wp-content\/uploads\/2021\/04\/ronds-effets-1024x206.jpg 1024w, https:\/\/formationetincelles.uqam.ca\/wp-content\/uploads\/2021\/04\/ronds-effets-768x154.jpg 768w, https:\/\/formationetincelles.uqam.ca\/wp-content\/uploads\/2021\/04\/ronds-effets-1536x309.jpg 1536w, https:\/\/formationetincelles.uqam.ca\/wp-content\/uploads\/2021\/04\/ronds-effets-400x80.jpg 400w\" sizes=\"auto, (max-width: 2000px) 100vw, 2000px\" \/><\/p>\n<\/div>\n<\/div><\/div><\/div><\/div><\/div><\/div><div id=\"pg-gb1182-69e399882f8df-2\"  class=\"panel-grid panel-has-style\" ><div class=\"background_white siteorigin-panels-stretch panel-row-style panel-row-style-for-gb1182-69e399882f8df-2\" data-stretch-type=\"full-width-stretch\" ><div id=\"pgc-gb1182-69e399882f8df-2-0\"  class=\"panel-grid-cell panel-grid-cell-mobile-last\" ><div id=\"panel-gb1182-69e399882f8df-2-0-0\" class=\"so-panel widget widget_sow-editor panel-first-child panel-last-child\" data-index=\"5\" ><div class=\"text-sm-center panel-widget-style panel-widget-style-for-gb1182-69e399882f8df-2-0-0\" id=\"instructions\" ><div\n\t\t\t\n\t\t\tclass=\"so-widget-sow-editor so-widget-sow-editor-base\"\n\t\t\t\n\t\t>\n<div class=\"siteorigin-widget-tinymce textwidget\">\n\t<p><span class=\"styleH3\">Instructions to navigate the training website<\/span><\/p>\n<p><img decoding=\"async\" class=\"alignnone wp-image-972\" src=\"https:\/\/formationetincelles.uqam.ca\/wp-content\/uploads\/2021\/04\/arrow-right.svg\" alt=\"\" width=\"50\" \/><img decoding=\"async\" class=\"alignnone wp-image-970\" src=\"https:\/\/formationetincelles.uqam.ca\/wp-content\/uploads\/2021\/04\/arrow-left.svg\" alt=\"\" width=\"50\" \/><\/p>\n<p>During the training, use the buttons at the bottom of the page to go forward or backward; do not use your browser\u2019s \u201cPrevious page\u201d button.<\/p>\n<p>Once you have created a user account, you can pause the training at any time and return later. Simply log back in and go to the module you would like to access.<\/p>\n<p><img decoding=\"async\" class=\"alignnone wp-image-976\" src=\"https:\/\/formationetincelles.uqam.ca\/wp-content\/uploads\/2021\/04\/image.svg\" alt=\"\" width=\"60\" \/><img decoding=\"async\" class=\"alignnone wp-image-978\" src=\"https:\/\/formationetincelles.uqam.ca\/wp-content\/uploads\/2021\/04\/video.svg\" alt=\"\" width=\"60\" \/><img decoding=\"async\" class=\"alignnone wp-image-980\" src=\"https:\/\/formationetincelles.uqam.ca\/wp-content\/uploads\/2021\/04\/volume.svg\" alt=\"\" width=\"60\" \/><\/p>\n<p>Tap on the different icons to interact with the images, videos and audio clips.<\/p>\n<p>To facilitate your navigation, it is recommended to use a computer or tablet rather than a cell phone to complete the training.<\/p>\n<p>During the training, you will be asked to consult your training workbook, available to download when you begin the training. This workbook is an interactive PDF, which means that you can enter personal notes and save your changes.<\/p>\n<p>&nbsp;<\/p>\n<\/div>\n<\/div><\/div><\/div><\/div><div id=\"pgc-gb1182-69e399882f8df-2-1\"  class=\"panel-grid-cell panel-grid-cell-empty\" ><\/div><\/div><\/div><\/div>\n\n<div id=\"pl-gb1182-69e399883101e\"  class=\"panel-layout\" ><div id=\"pg-gb1182-69e399883101e-0\"  class=\"panel-grid panel-has-style\" ><div class=\"background_blue_pale siteorigin-panels-stretch panel-row-style panel-row-style-for-gb1182-69e399883101e-0\" data-stretch-type=\"full-width-stretch\" ><div id=\"pgc-gb1182-69e399883101e-0-0\"  class=\"panel-grid-cell\" ><div class=\"image_left panel-cell-style panel-cell-style-for-gb1182-69e399883101e-0-0\" ><div id=\"panel-gb1182-69e399883101e-0-0-0\" class=\"so-panel widget widget_sow-editor panel-first-child panel-last-child\" data-index=\"0\" ><div\n\t\t\t\n\t\t\tclass=\"so-widget-sow-editor so-widget-sow-editor-base\"\n\t\t\t\n\t\t>\n<div class=\"siteorigin-widget-tinymce textwidget\">\n\t<p><img loading=\"lazy\" decoding=\"async\" class=\"size-full wp-image-1032 aligncenter\" src=\"https:\/\/formationetincelles.uqam.ca\/wp-content\/uploads\/2021\/05\/formation.jpg\" alt=\"\" width=\"1037\" height=\"691\" srcset=\"https:\/\/formationetincelles.uqam.ca\/wp-content\/uploads\/2021\/05\/formation.jpg 1037w, https:\/\/formationetincelles.uqam.ca\/wp-content\/uploads\/2021\/05\/formation-300x200.jpg 300w, https:\/\/formationetincelles.uqam.ca\/wp-content\/uploads\/2021\/05\/formation-1024x682.jpg 1024w, https:\/\/formationetincelles.uqam.ca\/wp-content\/uploads\/2021\/05\/formation-768x512.jpg 768w, https:\/\/formationetincelles.uqam.ca\/wp-content\/uploads\/2021\/05\/formation-400x267.jpg 400w, https:\/\/formationetincelles.uqam.ca\/wp-content\/uploads\/2021\/05\/formation-272x182.jpg 272w\" sizes=\"auto, (max-width: 1037px) 100vw, 1037px\" \/><\/p>\n<\/div>\n<\/div><\/div><\/div><\/div><div id=\"pgc-gb1182-69e399883101e-0-1\"  class=\"panel-grid-cell\" ><div id=\"panel-gb1182-69e399883101e-0-1-0\" class=\"so-panel widget widget_sow-editor panel-first-child\" data-index=\"1\" ><div class=\"hr_centered panel-widget-style panel-widget-style-for-gb1182-69e399883101e-0-1-0\" ><div\n\t\t\t\n\t\t\tclass=\"so-widget-sow-editor so-widget-sow-editor-base\"\n\t\t\t\n\t\t>\n<div class=\"siteorigin-widget-tinymce textwidget\">\n\t<h3 style=\"text-align: center;\">BEFORE accessing the <em>Basic training module<\/em><\/h3>\n<hr \/>\n<p style=\"text-align: center;\">You must create a user account (username\/ID and password), which will allow you to pause and return to the training module at any time.<\/p>\n<p style=\"text-align: center;\">Once your account is created, you will be redirected to the <em><a href=\"\/en\/courses\/online-training-for-school-staff\/\">Basic training module<\/a>.<\/em><\/p>\n<p>&nbsp;<\/p>\n<\/div>\n<\/div><\/div><\/div><div id=\"panel-gb1182-69e399883101e-0-1-1\" class=\"so-panel widget widget_sow-editor panel-last-child\" data-index=\"2\" ><div class=\"btn_connexion panel-widget-style panel-widget-style-for-gb1182-69e399883101e-0-1-1\" ><div\n\t\t\t\n\t\t\tclass=\"so-widget-sow-editor so-widget-sow-editor-base\"\n\t\t\t\n\t\t>\n<div class=\"siteorigin-widget-tinymce textwidget\">\n\t<p style=\"text-align: center;\"><a href=\"\/wp-admin\">Log in<\/a><\/p>\n<\/div>\n<\/div><\/div><\/div><\/div><\/div><\/div><\/div><\/div><\/div>\n<\/div>\n<\/div>\n","protected":false},"excerpt":{"rendered":"","protected":false},"author":1,"featured_media":0,"parent":0,"menu_order":0,"comment_status":"closed","ping_status":"open","template":"","meta":{"inline_featured_image":false,"site-sidebar-layout":"no-sidebar","site-content-layout":"plain-container","ast-site-content-layout":"default","site-content-style":"default","site-sidebar-style":"default","ast-global-header-display":"","ast-banner-title-visibility":"","ast-main-header-display":"","ast-hfb-above-header-display":"","ast-hfb-below-header-display":"","ast-hfb-mobile-header-display":"","site-post-title":"disabled","ast-breadcrumbs-content":"","ast-featured-img":"","footer-sml-layout":"","ast-disable-related-posts":"","theme-transparent-header-meta":"default","adv-header-id-meta":"","stick-header-meta":"","header-above-stick-meta":"","header-main-stick-meta":"","header-below-stick-meta":"","astra-migrate-meta-layouts":"default","ast-page-background-enabled":"default","ast-page-background-meta":{"desktop":{"background-color":"","background-image":"","background-repeat":"repeat","background-position":"center center","background-size":"auto","background-attachment":"scroll","background-type":"","background-media":"","overlay-type":"","overlay-color":"","overlay-opacity":"","overlay-gradient":""},"tablet":{"background-color":"","background-image":"","background-repeat":"repeat","background-position":"center center","background-size":"auto","background-attachment":"scroll","background-type":"","background-media":"","overlay-type":"","overlay-color":"","overlay-opacity":"","overlay-gradient":""},"mobile":{"background-color":"","background-image":"","background-repeat":"repeat","background-position":"center center","background-size":"auto","background-attachment":"scroll","background-type":"","background-media":"","overlay-type":"","overlay-color":"","overlay-opacity":"","overlay-gradient":""}},"ast-content-background-meta":{"desktop":{"background-color":"var(--ast-global-color-5)","background-image":"","background-repeat":"repeat","background-position":"center center","background-size":"auto","background-attachment":"scroll","background-type":"","background-media":"","overlay-type":"","overlay-color":"","overlay-opacity":"","overlay-gradient":""},"tablet":{"background-color":"var(--ast-global-color-5)","background-image":"","background-repeat":"repeat","background-position":"center center","background-size":"auto","background-attachment":"scroll","background-type":"","background-media":"","overlay-type":"","overlay-color":"","overlay-opacity":"","overlay-gradient":""},"mobile":{"background-color":"var(--ast-global-color-5)","background-image":"","background-repeat":"repeat","background-position":"center center","background-size":"auto","background-attachment":"scroll","background-type":"","background-media":"","overlay-type":"","overlay-color":"","overlay-opacity":"","overlay-gradient":""}},"footnotes":""},"class_list":["post-1182","page","type-page","status-publish","hentry"],"featured_image_src":null,"_links":{"self":[{"href":"https:\/\/formationetincelles.uqam.ca\/en\/wp-json\/wp\/v2\/pages\/1182","targetHints":{"allow":["GET"]}}],"collection":[{"href":"https:\/\/formationetincelles.uqam.ca\/en\/wp-json\/wp\/v2\/pages"}],"about":[{"href":"https:\/\/formationetincelles.uqam.ca\/en\/wp-json\/wp\/v2\/types\/page"}],"author":[{"embeddable":true,"href":"https:\/\/formationetincelles.uqam.ca\/en\/wp-json\/wp\/v2\/users\/1"}],"replies":[{"embeddable":true,"href":"https:\/\/formationetincelles.uqam.ca\/en\/wp-json\/wp\/v2\/comments?post=1182"}],"version-history":[{"count":5,"href":"https:\/\/formationetincelles.uqam.ca\/en\/wp-json\/wp\/v2\/pages\/1182\/revisions"}],"predecessor-version":[{"id":2077,"href":"https:\/\/formationetincelles.uqam.ca\/en\/wp-json\/wp\/v2\/pages\/1182\/revisions\/2077"}],"wp:attachment":[{"href":"https:\/\/formationetincelles.uqam.ca\/en\/wp-json\/wp\/v2\/media?parent=1182"}],"curies":[{"name":"wp","href":"https:\/\/api.w.org\/{rel}","templated":true}]}}